{"id":907,"date":"2025-07-10T02:56:57","date_gmt":"2025-07-10T00:56:57","guid":{"rendered":"https:\/\/lexcab.fr\/?page_id=907"},"modified":"2025-07-10T03:21:49","modified_gmt":"2025-07-10T01:21:49","slug":"907-2","status":"publish","type":"page","link":"https:\/\/lexcab.fr\/index.php\/907-2\/","title":{"rendered":"Mon espace"},"content":{"rendered":"\t\t<div data-elementor-type=\"wp-page\" data-elementor-id=\"907\" class=\"elementor elementor-907\" data-elementor-post-type=\"page\">\n\t\t\t\t<div class=\"elementor-element elementor-element-3dd3c239 e-flex e-con-boxed e-con e-parent\" data-id=\"3dd3c239\" data-element_type=\"container\" data-e-type=\"container\">\n\t\t\t\t\t<div class=\"e-con-inner\">\n\t\t\t\t<div class=\"elementor-element elementor-element-628db09c elementor-widget elementor-widget-text-editor\" data-id=\"628db09c\" data-element_type=\"widget\" data-e-type=\"widget\" data-widget_type=\"text-editor.default\">\n\t\t\t\t<div class=\"elementor-widget-container\">\n\t\t\t\t\t\t\t\t\t<!-- Bonjour Gr\u00e9gory -->\n<div>\n<h2>Bienvenue dans votre espace client<\/h2>\n<p>Vous trouverez ci-dessous vos documents priv\u00e9s, le suivi de vos honoraires et les actions r\u00e9centes.<\/p>\n<\/div>\n<!-- Affichage des fichiers priv\u00e9s --><!-- (Optionnel) Historique ou autres contenus -->\n<h3>\ud83d\udd52 Historique d&#8217;activit\u00e9 (\u00e0 venir)<\/h3>\n<p>Ce module sera activ\u00e9 prochainement pour suivre les actions men\u00e9es sur votre dossier.<\/p>\n<h3>\ud83d\udcc1 Mes documents<\/h3>\n<p>\u00a0<\/p>\t\t\t\t\t\t\t\t<\/div>\n\t\t\t\t<\/div>\n\t\t\t\t<div class=\"elementor-element elementor-element-855378b elementor-widget elementor-widget-shortcode\" data-id=\"855378b\" data-element_type=\"widget\" data-e-type=\"widget\" data-widget_type=\"shortcode.default\">\n\t\t\t\t<div class=\"elementor-widget-container\">\n\t\t\t\t\t\t\t<div class=\"elementor-shortcode\">[customer-area-files]<\/div>\n\t\t\t\t\t\t<\/div>\n\t\t\t\t<\/div>\n\t\t\t\t\t<\/div>\n\t\t\t\t<\/div>\n\t\t\t\t<\/div>\n\t\t","protected":false},"excerpt":{"rendered":"<p>Bienvenue dans votre espace client Vous trouverez ci-dessous vos documents priv\u00e9s, le suivi de vos honoraires et les actions r\u00e9centes. \ud83d\udd52 Historique d&#8217;activit\u00e9 (\u00e0 venir) Ce module sera activ\u00e9 prochainement pour suivre les actions men\u00e9es sur votre dossier. \ud83d\udcc1 Mes documents \u00a0 [customer-area-files]<\/p>\n","protected":false},"author":1,"featured_media":0,"parent":0,"menu_order":0,"comment_status":"closed","ping_status":"closed","template":"","meta":{"_acf_changed":false,"footnotes":""},"class_list":["post-907","page","type-page","status-publish","hentry"],"acf":[],"yoast_head":"<!-- This site is optimized with the Yoast SEO plugin v24.4 - https:\/\/yoast.com\/wordpress\/plugins\/seo\/ -->\n<title>Mon espace - lexcab<\/title>\n<meta name=\"robots\" content=\"index, follow, max-snippet:-1, max-image-preview:large, max-video-preview:-1\" \/>\n<link rel=\"canonical\" href=\"https:\/\/lexcab.fr\/index.php\/907-2\/\" \/>\n<meta property=\"og:locale\" content=\"en_US\" \/>\n<meta property=\"og:type\" content=\"article\" \/>\n<meta property=\"og:title\" content=\"Mon espace - lexcab\" \/>\n<meta property=\"og:description\" content=\"Bienvenue dans votre espace client Vous trouverez ci-dessous vos documents priv\u00e9s, le suivi de vos honoraires et les actions r\u00e9centes. \ud83d\udd52 Historique d&#8217;activit\u00e9 (\u00e0 venir) Ce module sera activ\u00e9 prochainement pour suivre les actions men\u00e9es sur votre dossier. \ud83d\udcc1 Mes documents \u00a0 [customer-area-files]\" \/>\n<meta property=\"og:url\" content=\"https:\/\/lexcab.fr\/index.php\/907-2\/\" \/>\n<meta property=\"og:site_name\" content=\"lexcab\" \/>\n<meta property=\"article:modified_time\" content=\"2025-07-10T01:21:49+00:00\" \/>\n<meta name=\"twitter:card\" content=\"summary_large_image\" \/>\n<meta name=\"twitter:label1\" content=\"Est. reading time\" \/>\n\t<meta name=\"twitter:data1\" content=\"1 minute\" \/>\n<script type=\"application\/ld+json\" class=\"yoast-schema-graph\">{\"@context\":\"https:\/\/schema.org\",\"@graph\":[{\"@type\":[\"Article\",\"BlogPosting\"],\"@id\":\"https:\/\/lexcab.fr\/index.php\/907-2\/#article\",\"isPartOf\":{\"@id\":\"https:\/\/lexcab.fr\/index.php\/907-2\/\"},\"author\":{\"name\":\"admin7933\",\"@id\":\"https:\/\/lexcab.fr\/#\/schema\/person\/9a8a307596882214cf7eb6c6e09c3fd1\"},\"headline\":\"Mon espace\",\"datePublished\":\"2025-07-10T00:56:57+00:00\",\"dateModified\":\"2025-07-10T01:21:49+00:00\",\"mainEntityOfPage\":{\"@id\":\"https:\/\/lexcab.fr\/index.php\/907-2\/\"},\"wordCount\":44,\"publisher\":{\"@id\":\"https:\/\/lexcab.fr\/#organization\"},\"inLanguage\":\"en-US\"},{\"@type\":\"WebPage\",\"@id\":\"https:\/\/lexcab.fr\/index.php\/907-2\/\",\"url\":\"https:\/\/lexcab.fr\/index.php\/907-2\/\",\"name\":\"Mon espace - lexcab\",\"isPartOf\":{\"@id\":\"https:\/\/lexcab.fr\/#website\"},\"datePublished\":\"2025-07-10T00:56:57+00:00\",\"dateModified\":\"2025-07-10T01:21:49+00:00\",\"breadcrumb\":{\"@id\":\"https:\/\/lexcab.fr\/index.php\/907-2\/#breadcrumb\"},\"inLanguage\":\"en-US\",\"potentialAction\":[{\"@type\":\"ReadAction\",\"target\":[\"https:\/\/lexcab.fr\/index.php\/907-2\/\"]}]},{\"@type\":\"BreadcrumbList\",\"@id\":\"https:\/\/lexcab.fr\/index.php\/907-2\/#breadcrumb\",\"itemListElement\":[{\"@type\":\"ListItem\",\"position\":1,\"name\":\"Home\",\"item\":\"https:\/\/lexcab.fr\/\"},{\"@type\":\"ListItem\",\"position\":2,\"name\":\"Mon espace\"}]},{\"@type\":\"WebSite\",\"@id\":\"https:\/\/lexcab.fr\/#website\",\"url\":\"https:\/\/lexcab.fr\/\",\"name\":\"Lexcab avocat immobilier digital\",\"description\":\"\",\"publisher\":{\"@id\":\"https:\/\/lexcab.fr\/#organization\"},\"potentialAction\":[{\"@type\":\"SearchAction\",\"target\":{\"@type\":\"EntryPoint\",\"urlTemplate\":\"https:\/\/lexcab.fr\/?s={search_term_string}\"},\"query-input\":{\"@type\":\"PropertyValueSpecification\",\"valueRequired\":true,\"valueName\":\"search_term_string\"}}],\"inLanguage\":\"en-US\"},{\"@type\":\"Organization\",\"@id\":\"https:\/\/lexcab.fr\/#organization\",\"name\":\"Lexcab\",\"alternateName\":\"Cabinet d'avocat Immobilier num\u00e9rique digital\",\"url\":\"https:\/\/lexcab.fr\/\",\"logo\":{\"@type\":\"ImageObject\",\"inLanguage\":\"en-US\",\"@id\":\"https:\/\/lexcab.fr\/#\/schema\/logo\/image\/\",\"url\":\"https:\/\/lexcab.fr\/wp-content\/uploads\/2024\/11\/cropped-booster-la-com-des-profession-juridiques-et-locales3-1.png\",\"contentUrl\":\"https:\/\/lexcab.fr\/wp-content\/uploads\/2024\/11\/cropped-booster-la-com-des-profession-juridiques-et-locales3-1.png\",\"width\":1024,\"height\":364,\"caption\":\"Lexcab\"},\"image\":{\"@id\":\"https:\/\/lexcab.fr\/#\/schema\/logo\/image\/\"}},{\"@type\":\"Person\",\"@id\":\"https:\/\/lexcab.fr\/#\/schema\/person\/9a8a307596882214cf7eb6c6e09c3fd1\",\"name\":\"admin7933\",\"image\":{\"@type\":\"ImageObject\",\"inLanguage\":\"en-US\",\"@id\":\"https:\/\/lexcab.fr\/#\/schema\/person\/image\/\",\"url\":\"https:\/\/secure.gravatar.com\/avatar\/7544270a409a59b14626529eb07b3b9fd9d94f7ffeceb5fe7b2710ba76b79bd3?s=96&d=mm&r=g\",\"contentUrl\":\"https:\/\/secure.gravatar.com\/avatar\/7544270a409a59b14626529eb07b3b9fd9d94f7ffeceb5fe7b2710ba76b79bd3?s=96&d=mm&r=g\",\"caption\":\"admin7933\"},\"sameAs\":[\"http:\/\/lexcab.fr\"],\"url\":\"https:\/\/lexcab.fr\/index.php\/author\/admin7933\/\"}]}<\/script>\n<!-- \/ Yoast SEO plugin. -->","yoast_head_json":{"title":"Mon espace - lexcab","robots":{"index":"index","follow":"follow","max-snippet":"max-snippet:-1","max-image-preview":"max-image-preview:large","max-video-preview":"max-video-preview:-1"},"canonical":"https:\/\/lexcab.fr\/index.php\/907-2\/","og_locale":"en_US","og_type":"article","og_title":"Mon espace - lexcab","og_description":"Bienvenue dans votre espace client Vous trouverez ci-dessous vos documents priv\u00e9s, le suivi de vos honoraires et les actions r\u00e9centes. \ud83d\udd52 Historique d&#8217;activit\u00e9 (\u00e0 venir) Ce module sera activ\u00e9 prochainement pour suivre les actions men\u00e9es sur votre dossier. \ud83d\udcc1 Mes documents \u00a0 [customer-area-files]","og_url":"https:\/\/lexcab.fr\/index.php\/907-2\/","og_site_name":"lexcab","article_modified_time":"2025-07-10T01:21:49+00:00","twitter_card":"summary_large_image","twitter_misc":{"Est. reading time":"1 minute"},"schema":{"@context":"https:\/\/schema.org","@graph":[{"@type":["Article","BlogPosting"],"@id":"https:\/\/lexcab.fr\/index.php\/907-2\/#article","isPartOf":{"@id":"https:\/\/lexcab.fr\/index.php\/907-2\/"},"author":{"name":"admin7933","@id":"https:\/\/lexcab.fr\/#\/schema\/person\/9a8a307596882214cf7eb6c6e09c3fd1"},"headline":"Mon espace","datePublished":"2025-07-10T00:56:57+00:00","dateModified":"2025-07-10T01:21:49+00:00","mainEntityOfPage":{"@id":"https:\/\/lexcab.fr\/index.php\/907-2\/"},"wordCount":44,"publisher":{"@id":"https:\/\/lexcab.fr\/#organization"},"inLanguage":"en-US"},{"@type":"WebPage","@id":"https:\/\/lexcab.fr\/index.php\/907-2\/","url":"https:\/\/lexcab.fr\/index.php\/907-2\/","name":"Mon espace - lexcab","isPartOf":{"@id":"https:\/\/lexcab.fr\/#website"},"datePublished":"2025-07-10T00:56:57+00:00","dateModified":"2025-07-10T01:21:49+00:00","breadcrumb":{"@id":"https:\/\/lexcab.fr\/index.php\/907-2\/#breadcrumb"},"inLanguage":"en-US","potentialAction":[{"@type":"ReadAction","target":["https:\/\/lexcab.fr\/index.php\/907-2\/"]}]},{"@type":"BreadcrumbList","@id":"https:\/\/lexcab.fr\/index.php\/907-2\/#breadcrumb","itemListElement":[{"@type":"ListItem","position":1,"name":"Home","item":"https:\/\/lexcab.fr\/"},{"@type":"ListItem","position":2,"name":"Mon espace"}]},{"@type":"WebSite","@id":"https:\/\/lexcab.fr\/#website","url":"https:\/\/lexcab.fr\/","name":"Lexcab avocat immobilier digital","description":"","publisher":{"@id":"https:\/\/lexcab.fr\/#organization"},"potentialAction":[{"@type":"SearchAction","target":{"@type":"EntryPoint","urlTemplate":"https:\/\/lexcab.fr\/?s={search_term_string}"},"query-input":{"@type":"PropertyValueSpecification","valueRequired":true,"valueName":"search_term_string"}}],"inLanguage":"en-US"},{"@type":"Organization","@id":"https:\/\/lexcab.fr\/#organization","name":"Lexcab","alternateName":"Cabinet d'avocat Immobilier num\u00e9rique digital","url":"https:\/\/lexcab.fr\/","logo":{"@type":"ImageObject","inLanguage":"en-US","@id":"https:\/\/lexcab.fr\/#\/schema\/logo\/image\/","url":"https:\/\/lexcab.fr\/wp-content\/uploads\/2024\/11\/cropped-booster-la-com-des-profession-juridiques-et-locales3-1.png","contentUrl":"https:\/\/lexcab.fr\/wp-content\/uploads\/2024\/11\/cropped-booster-la-com-des-profession-juridiques-et-locales3-1.png","width":1024,"height":364,"caption":"Lexcab"},"image":{"@id":"https:\/\/lexcab.fr\/#\/schema\/logo\/image\/"}},{"@type":"Person","@id":"https:\/\/lexcab.fr\/#\/schema\/person\/9a8a307596882214cf7eb6c6e09c3fd1","name":"admin7933","image":{"@type":"ImageObject","inLanguage":"en-US","@id":"https:\/\/lexcab.fr\/#\/schema\/person\/image\/","url":"https:\/\/secure.gravatar.com\/avatar\/7544270a409a59b14626529eb07b3b9fd9d94f7ffeceb5fe7b2710ba76b79bd3?s=96&d=mm&r=g","contentUrl":"https:\/\/secure.gravatar.com\/avatar\/7544270a409a59b14626529eb07b3b9fd9d94f7ffeceb5fe7b2710ba76b79bd3?s=96&d=mm&r=g","caption":"admin7933"},"sameAs":["http:\/\/lexcab.fr"],"url":"https:\/\/lexcab.fr\/index.php\/author\/admin7933\/"}]}},"_links":{"self":[{"href":"https:\/\/lexcab.fr\/index.php\/wp-json\/wp\/v2\/pages\/907","targetHints":{"allow":["GET"]}}],"collection":[{"href":"https:\/\/lexcab.fr\/index.php\/wp-json\/wp\/v2\/pages"}],"about":[{"href":"https:\/\/lexcab.fr\/index.php\/wp-json\/wp\/v2\/types\/page"}],"author":[{"embeddable":true,"href":"https:\/\/lexcab.fr\/index.php\/wp-json\/wp\/v2\/users\/1"}],"replies":[{"embeddable":true,"href":"https:\/\/lexcab.fr\/index.php\/wp-json\/wp\/v2\/comments?post=907"}],"version-history":[{"count":7,"href":"https:\/\/lexcab.fr\/index.php\/wp-json\/wp\/v2\/pages\/907\/revisions"}],"predecessor-version":[{"id":919,"href":"https:\/\/lexcab.fr\/index.php\/wp-json\/wp\/v2\/pages\/907\/revisions\/919"}],"wp:attachment":[{"href":"https:\/\/lexcab.fr\/index.php\/wp-json\/wp\/v2\/media?parent=907"}],"curies":[{"name":"wp","href":"https:\/\/api.w.org\/{rel}","templated":true}]}}