{"id":766,"date":"2025-02-01T18:09:31","date_gmt":"2025-02-01T17:09:31","guid":{"rendered":"https:\/\/lexcab.fr\/?page_id=766"},"modified":"2025-02-01T18:47:46","modified_gmt":"2025-02-01T17:47:46","slug":"offre-2","status":"publish","type":"page","link":"https:\/\/lexcab.fr\/index.php\/offre-2\/","title":{"rendered":"Offre"},"content":{"rendered":"\t\t<div data-elementor-type=\"wp-page\" data-elementor-id=\"766\" class=\"elementor elementor-766\" data-elementor-post-type=\"page\">\n\t\t\t\t<div class=\"elementor-element elementor-element-c9e96bf e-flex e-con-boxed e-con e-parent\" data-id=\"c9e96bf\" data-element_type=\"container\" data-e-type=\"container\">\n\t\t\t\t\t<div class=\"e-con-inner\">\n\t\t\t\t<div class=\"elementor-element elementor-element-4ebd022 elementor-widget elementor-widget-heading\" data-id=\"4ebd022\" data-element_type=\"widget\" data-e-type=\"widget\" data-widget_type=\"heading.default\">\n\t\t\t\t<div class=\"elementor-widget-container\">\n\t\t\t\t\t<h2 class=\"elementor-heading-title elementor-size-default\">Une offre adapt\u00e9e <\/h2>\t\t\t\t<\/div>\n\t\t\t\t<\/div>\n\t\t\t\t<div class=\"elementor-element elementor-element-9b8bbec elementor-widget elementor-widget-text-editor\" data-id=\"9b8bbec\" data-element_type=\"widget\" data-e-type=\"widget\" data-widget_type=\"text-editor.default\">\n\t\t\t\t<div class=\"elementor-widget-container\">\n\t\t\t\t\t\t\t\t\t<span style=\"color: #4b4f58; font-family: 'Open Sans', sans-serif; font-size: 17px\n;\">Conform\u00e9ment \u00e0 nos obligations d\u00e9ontologiques, le montant des honoraires est adapt\u00e9 en fonction de la nature des dossiers. Les crit\u00e8res de fixation des honoraires sont li\u00e9s notamment \u00e0 la difficult\u00e9 de l\u2019affaire, aux diligences n\u00e9cessaires, au temps pass\u00e9 et aux frais expos\u00e9s dans le cadre de votre accompagnement ou la r\u00e9solution de votre litige.<\/span>\t\t\t\t\t\t\t\t<\/div>\n\t\t\t\t<\/div>\n\t\t\t\t<div class=\"elementor-element elementor-element-a901291 elementor-widget elementor-widget-image\" data-id=\"a901291\" data-element_type=\"widget\" data-e-type=\"widget\" data-widget_type=\"image.default\">\n\t\t\t\t<div class=\"elementor-widget-container\">\n\t\t\t\t\t\t\t\t\t\t\t\t\t\t\t<img fetchpriority=\"high\" decoding=\"async\" width=\"800\" height=\"580\" src=\"https:\/\/lexcab.fr\/wp-content\/uploads\/2025\/02\/Offre.png\" class=\"attachment-large size-large wp-image-768\" alt=\"\" srcset=\"https:\/\/lexcab.fr\/wp-content\/uploads\/2025\/02\/Offre.png 864w, https:\/\/lexcab.fr\/wp-content\/uploads\/2025\/02\/Offre-300x217.png 300w, https:\/\/lexcab.fr\/wp-content\/uploads\/2025\/02\/Offre-768x556.png 768w\" sizes=\"(max-width: 800px) 100vw, 800px\" \/>\t\t\t\t\t\t\t\t\t\t\t\t\t\t\t<\/div>\n\t\t\t\t<\/div>\n\t\t\t\t\t<\/div>\n\t\t\t\t<\/div>\n\t\t<div class=\"elementor-element elementor-element-298b43d e-flex e-con-boxed e-con e-parent\" data-id=\"298b43d\" data-element_type=\"container\" data-e-type=\"container\">\n\t\t\t\t\t<div class=\"e-con-inner\">\n\t\t\t\t\t<\/div>\n\t\t\t\t<\/div>\n\t\t<div class=\"elementor-element elementor-element-fb45bb7 e-flex e-con-boxed e-con e-parent\" data-id=\"fb45bb7\" data-element_type=\"container\" data-e-type=\"container\">\n\t\t\t\t\t<div class=\"e-con-inner\">\n\t\t\t\t<div class=\"elementor-element elementor-element-666b94e elementor-widget elementor-widget-heading\" data-id=\"666b94e\" data-element_type=\"widget\" data-e-type=\"widget\" data-widget_type=\"heading.default\">\n\t\t\t\t<div class=\"elementor-widget-container\">\n\t\t\t\t\t<h2 class=\"elementor-heading-title elementor-size-default\">Add Your Heading Text Here<\/h2>\t\t\t\t<\/div>\n\t\t\t\t<\/div>\n\t\t\t\t\t<\/div>\n\t\t\t\t<\/div>\n\t\t<div class=\"elementor-element elementor-element-3e6e434 e-flex e-con-boxed e-con e-parent\" data-id=\"3e6e434\" data-element_type=\"container\" data-e-type=\"container\">\n\t\t\t\t\t<div class=\"e-con-inner\">\n\t\t\t\t\t<\/div>\n\t\t\t\t<\/div>\n\t\t\t\t<\/div>\n\t\t","protected":false},"excerpt":{"rendered":"<p>Une offre adapt\u00e9e Conform\u00e9ment \u00e0 nos obligations d\u00e9ontologiques, le montant des honoraires est adapt\u00e9 en fonction de la nature des dossiers. Les crit\u00e8res de fixation des honoraires sont li\u00e9s notamment \u00e0 la difficult\u00e9 de l\u2019affaire, aux diligences n\u00e9cessaires, au temps pass\u00e9 et aux frais expos\u00e9s dans le cadre de votre accompagnement ou la r\u00e9solution de [&hellip;]<\/p>\n","protected":false},"author":1,"featured_media":0,"parent":0,"menu_order":0,"comment_status":"closed","ping_status":"closed","template":"","meta":{"_acf_changed":false,"footnotes":""},"class_list":["post-766","page","type-page","status-publish","hentry"],"acf":[],"yoast_head":"<!-- This site is optimized with the Yoast SEO plugin v24.4 - https:\/\/yoast.com\/wordpress\/plugins\/seo\/ -->\n<title>Offre - lexcab<\/title>\n<meta name=\"robots\" content=\"index, follow, max-snippet:-1, max-image-preview:large, max-video-preview:-1\" \/>\n<link rel=\"canonical\" href=\"https:\/\/lexcab.fr\/index.php\/offre-2\/\" \/>\n<meta property=\"og:locale\" content=\"en_US\" \/>\n<meta property=\"og:type\" content=\"article\" \/>\n<meta property=\"og:title\" content=\"Offre - lexcab\" \/>\n<meta property=\"og:description\" content=\"Une offre adapt\u00e9e Conform\u00e9ment \u00e0 nos obligations d\u00e9ontologiques, le montant des honoraires est adapt\u00e9 en fonction de la nature des dossiers. Les crit\u00e8res de fixation des honoraires sont li\u00e9s notamment \u00e0 la difficult\u00e9 de l\u2019affaire, aux diligences n\u00e9cessaires, au temps pass\u00e9 et aux frais expos\u00e9s dans le cadre de votre accompagnement ou la r\u00e9solution de [&hellip;]\" \/>\n<meta property=\"og:url\" content=\"https:\/\/lexcab.fr\/index.php\/offre-2\/\" \/>\n<meta property=\"og:site_name\" content=\"lexcab\" \/>\n<meta property=\"article:modified_time\" content=\"2025-02-01T17:47:46+00:00\" \/>\n<meta property=\"og:image\" content=\"https:\/\/lexcab.fr\/wp-content\/uploads\/2025\/02\/Offre.png\" \/>\n\t<meta property=\"og:image:width\" content=\"864\" \/>\n\t<meta property=\"og:image:height\" content=\"626\" \/>\n\t<meta property=\"og:image:type\" content=\"image\/png\" \/>\n<meta name=\"twitter:card\" content=\"summary_large_image\" \/>\n<meta name=\"twitter:label1\" content=\"Est. reading time\" \/>\n\t<meta name=\"twitter:data1\" content=\"1 minute\" \/>\n<script type=\"application\/ld+json\" class=\"yoast-schema-graph\">{\"@context\":\"https:\/\/schema.org\",\"@graph\":[{\"@type\":[\"Article\",\"BlogPosting\"],\"@id\":\"https:\/\/lexcab.fr\/index.php\/offre-2\/#article\",\"isPartOf\":{\"@id\":\"https:\/\/lexcab.fr\/index.php\/offre-2\/\"},\"author\":{\"name\":\"admin7933\",\"@id\":\"https:\/\/lexcab.fr\/#\/schema\/person\/9a8a307596882214cf7eb6c6e09c3fd1\"},\"headline\":\"Offre\",\"datePublished\":\"2025-02-01T17:09:31+00:00\",\"dateModified\":\"2025-02-01T17:47:46+00:00\",\"mainEntityOfPage\":{\"@id\":\"https:\/\/lexcab.fr\/index.php\/offre-2\/\"},\"wordCount\":70,\"publisher\":{\"@id\":\"https:\/\/lexcab.fr\/#organization\"},\"image\":{\"@id\":\"https:\/\/lexcab.fr\/index.php\/offre-2\/#primaryimage\"},\"thumbnailUrl\":\"http:\/\/lexcab.fr\/wp-content\/uploads\/2025\/02\/Offre.png\",\"inLanguage\":\"en-US\"},{\"@type\":\"WebPage\",\"@id\":\"https:\/\/lexcab.fr\/index.php\/offre-2\/\",\"url\":\"https:\/\/lexcab.fr\/index.php\/offre-2\/\",\"name\":\"Offre - lexcab\",\"isPartOf\":{\"@id\":\"https:\/\/lexcab.fr\/#website\"},\"primaryImageOfPage\":{\"@id\":\"https:\/\/lexcab.fr\/index.php\/offre-2\/#primaryimage\"},\"image\":{\"@id\":\"https:\/\/lexcab.fr\/index.php\/offre-2\/#primaryimage\"},\"thumbnailUrl\":\"http:\/\/lexcab.fr\/wp-content\/uploads\/2025\/02\/Offre.png\",\"datePublished\":\"2025-02-01T17:09:31+00:00\",\"dateModified\":\"2025-02-01T17:47:46+00:00\",\"breadcrumb\":{\"@id\":\"https:\/\/lexcab.fr\/index.php\/offre-2\/#breadcrumb\"},\"inLanguage\":\"en-US\",\"potentialAction\":[{\"@type\":\"ReadAction\",\"target\":[\"https:\/\/lexcab.fr\/index.php\/offre-2\/\"]}]},{\"@type\":\"ImageObject\",\"inLanguage\":\"en-US\",\"@id\":\"https:\/\/lexcab.fr\/index.php\/offre-2\/#primaryimage\",\"url\":\"https:\/\/lexcab.fr\/wp-content\/uploads\/2025\/02\/Offre.png\",\"contentUrl\":\"https:\/\/lexcab.fr\/wp-content\/uploads\/2025\/02\/Offre.png\",\"width\":864,\"height\":626},{\"@type\":\"BreadcrumbList\",\"@id\":\"https:\/\/lexcab.fr\/index.php\/offre-2\/#breadcrumb\",\"itemListElement\":[{\"@type\":\"ListItem\",\"position\":1,\"name\":\"Home\",\"item\":\"https:\/\/lexcab.fr\/\"},{\"@type\":\"ListItem\",\"position\":2,\"name\":\"Offre\"}]},{\"@type\":\"WebSite\",\"@id\":\"https:\/\/lexcab.fr\/#website\",\"url\":\"https:\/\/lexcab.fr\/\",\"name\":\"Lexcab avocat immobilier digital\",\"description\":\"\",\"publisher\":{\"@id\":\"https:\/\/lexcab.fr\/#organization\"},\"potentialAction\":[{\"@type\":\"SearchAction\",\"target\":{\"@type\":\"EntryPoint\",\"urlTemplate\":\"https:\/\/lexcab.fr\/?s={search_term_string}\"},\"query-input\":{\"@type\":\"PropertyValueSpecification\",\"valueRequired\":true,\"valueName\":\"search_term_string\"}}],\"inLanguage\":\"en-US\"},{\"@type\":\"Organization\",\"@id\":\"https:\/\/lexcab.fr\/#organization\",\"name\":\"Lexcab\",\"alternateName\":\"Cabinet d'avocat Immobilier num\u00e9rique digital\",\"url\":\"https:\/\/lexcab.fr\/\",\"logo\":{\"@type\":\"ImageObject\",\"inLanguage\":\"en-US\",\"@id\":\"https:\/\/lexcab.fr\/#\/schema\/logo\/image\/\",\"url\":\"https:\/\/lexcab.fr\/wp-content\/uploads\/2024\/11\/cropped-booster-la-com-des-profession-juridiques-et-locales3-1.png\",\"contentUrl\":\"https:\/\/lexcab.fr\/wp-content\/uploads\/2024\/11\/cropped-booster-la-com-des-profession-juridiques-et-locales3-1.png\",\"width\":1024,\"height\":364,\"caption\":\"Lexcab\"},\"image\":{\"@id\":\"https:\/\/lexcab.fr\/#\/schema\/logo\/image\/\"}},{\"@type\":\"Person\",\"@id\":\"https:\/\/lexcab.fr\/#\/schema\/person\/9a8a307596882214cf7eb6c6e09c3fd1\",\"name\":\"admin7933\",\"image\":{\"@type\":\"ImageObject\",\"inLanguage\":\"en-US\",\"@id\":\"https:\/\/lexcab.fr\/#\/schema\/person\/image\/\",\"url\":\"https:\/\/secure.gravatar.com\/avatar\/7544270a409a59b14626529eb07b3b9fd9d94f7ffeceb5fe7b2710ba76b79bd3?s=96&d=mm&r=g\",\"contentUrl\":\"https:\/\/secure.gravatar.com\/avatar\/7544270a409a59b14626529eb07b3b9fd9d94f7ffeceb5fe7b2710ba76b79bd3?s=96&d=mm&r=g\",\"caption\":\"admin7933\"},\"sameAs\":[\"http:\/\/lexcab.fr\"],\"url\":\"https:\/\/lexcab.fr\/index.php\/author\/admin7933\/\"}]}<\/script>\n<!-- \/ Yoast SEO plugin. -->","yoast_head_json":{"title":"Offre - lexcab","robots":{"index":"index","follow":"follow","max-snippet":"max-snippet:-1","max-image-preview":"max-image-preview:large","max-video-preview":"max-video-preview:-1"},"canonical":"https:\/\/lexcab.fr\/index.php\/offre-2\/","og_locale":"en_US","og_type":"article","og_title":"Offre - lexcab","og_description":"Une offre adapt\u00e9e Conform\u00e9ment \u00e0 nos obligations d\u00e9ontologiques, le montant des honoraires est adapt\u00e9 en fonction de la nature des dossiers. Les crit\u00e8res de fixation des honoraires sont li\u00e9s notamment \u00e0 la difficult\u00e9 de l\u2019affaire, aux diligences n\u00e9cessaires, au temps pass\u00e9 et aux frais expos\u00e9s dans le cadre de votre accompagnement ou la r\u00e9solution de [&hellip;]","og_url":"https:\/\/lexcab.fr\/index.php\/offre-2\/","og_site_name":"lexcab","article_modified_time":"2025-02-01T17:47:46+00:00","og_image":[{"width":864,"height":626,"url":"https:\/\/lexcab.fr\/wp-content\/uploads\/2025\/02\/Offre.png","type":"image\/png"}],"twitter_card":"summary_large_image","twitter_misc":{"Est. reading time":"1 minute"},"schema":{"@context":"https:\/\/schema.org","@graph":[{"@type":["Article","BlogPosting"],"@id":"https:\/\/lexcab.fr\/index.php\/offre-2\/#article","isPartOf":{"@id":"https:\/\/lexcab.fr\/index.php\/offre-2\/"},"author":{"name":"admin7933","@id":"https:\/\/lexcab.fr\/#\/schema\/person\/9a8a307596882214cf7eb6c6e09c3fd1"},"headline":"Offre","datePublished":"2025-02-01T17:09:31+00:00","dateModified":"2025-02-01T17:47:46+00:00","mainEntityOfPage":{"@id":"https:\/\/lexcab.fr\/index.php\/offre-2\/"},"wordCount":70,"publisher":{"@id":"https:\/\/lexcab.fr\/#organization"},"image":{"@id":"https:\/\/lexcab.fr\/index.php\/offre-2\/#primaryimage"},"thumbnailUrl":"http:\/\/lexcab.fr\/wp-content\/uploads\/2025\/02\/Offre.png","inLanguage":"en-US"},{"@type":"WebPage","@id":"https:\/\/lexcab.fr\/index.php\/offre-2\/","url":"https:\/\/lexcab.fr\/index.php\/offre-2\/","name":"Offre - lexcab","isPartOf":{"@id":"https:\/\/lexcab.fr\/#website"},"primaryImageOfPage":{"@id":"https:\/\/lexcab.fr\/index.php\/offre-2\/#primaryimage"},"image":{"@id":"https:\/\/lexcab.fr\/index.php\/offre-2\/#primaryimage"},"thumbnailUrl":"http:\/\/lexcab.fr\/wp-content\/uploads\/2025\/02\/Offre.png","datePublished":"2025-02-01T17:09:31+00:00","dateModified":"2025-02-01T17:47:46+00:00","breadcrumb":{"@id":"https:\/\/lexcab.fr\/index.php\/offre-2\/#breadcrumb"},"inLanguage":"en-US","potentialAction":[{"@type":"ReadAction","target":["https:\/\/lexcab.fr\/index.php\/offre-2\/"]}]},{"@type":"ImageObject","inLanguage":"en-US","@id":"https:\/\/lexcab.fr\/index.php\/offre-2\/#primaryimage","url":"https:\/\/lexcab.fr\/wp-content\/uploads\/2025\/02\/Offre.png","contentUrl":"https:\/\/lexcab.fr\/wp-content\/uploads\/2025\/02\/Offre.png","width":864,"height":626},{"@type":"BreadcrumbList","@id":"https:\/\/lexcab.fr\/index.php\/offre-2\/#breadcrumb","itemListElement":[{"@type":"ListItem","position":1,"name":"Home","item":"https:\/\/lexcab.fr\/"},{"@type":"ListItem","position":2,"name":"Offre"}]},{"@type":"WebSite","@id":"https:\/\/lexcab.fr\/#website","url":"https:\/\/lexcab.fr\/","name":"Lexcab avocat immobilier digital","description":"","publisher":{"@id":"https:\/\/lexcab.fr\/#organization"},"potentialAction":[{"@type":"SearchAction","target":{"@type":"EntryPoint","urlTemplate":"https:\/\/lexcab.fr\/?s={search_term_string}"},"query-input":{"@type":"PropertyValueSpecification","valueRequired":true,"valueName":"search_term_string"}}],"inLanguage":"en-US"},{"@type":"Organization","@id":"https:\/\/lexcab.fr\/#organization","name":"Lexcab","alternateName":"Cabinet d'avocat Immobilier num\u00e9rique digital","url":"https:\/\/lexcab.fr\/","logo":{"@type":"ImageObject","inLanguage":"en-US","@id":"https:\/\/lexcab.fr\/#\/schema\/logo\/image\/","url":"https:\/\/lexcab.fr\/wp-content\/uploads\/2024\/11\/cropped-booster-la-com-des-profession-juridiques-et-locales3-1.png","contentUrl":"https:\/\/lexcab.fr\/wp-content\/uploads\/2024\/11\/cropped-booster-la-com-des-profession-juridiques-et-locales3-1.png","width":1024,"height":364,"caption":"Lexcab"},"image":{"@id":"https:\/\/lexcab.fr\/#\/schema\/logo\/image\/"}},{"@type":"Person","@id":"https:\/\/lexcab.fr\/#\/schema\/person\/9a8a307596882214cf7eb6c6e09c3fd1","name":"admin7933","image":{"@type":"ImageObject","inLanguage":"en-US","@id":"https:\/\/lexcab.fr\/#\/schema\/person\/image\/","url":"https:\/\/secure.gravatar.com\/avatar\/7544270a409a59b14626529eb07b3b9fd9d94f7ffeceb5fe7b2710ba76b79bd3?s=96&d=mm&r=g","contentUrl":"https:\/\/secure.gravatar.com\/avatar\/7544270a409a59b14626529eb07b3b9fd9d94f7ffeceb5fe7b2710ba76b79bd3?s=96&d=mm&r=g","caption":"admin7933"},"sameAs":["http:\/\/lexcab.fr"],"url":"https:\/\/lexcab.fr\/index.php\/author\/admin7933\/"}]}},"_links":{"self":[{"href":"https:\/\/lexcab.fr\/index.php\/wp-json\/wp\/v2\/pages\/766","targetHints":{"allow":["GET"]}}],"collection":[{"href":"https:\/\/lexcab.fr\/index.php\/wp-json\/wp\/v2\/pages"}],"about":[{"href":"https:\/\/lexcab.fr\/index.php\/wp-json\/wp\/v2\/types\/page"}],"author":[{"embeddable":true,"href":"https:\/\/lexcab.fr\/index.php\/wp-json\/wp\/v2\/users\/1"}],"replies":[{"embeddable":true,"href":"https:\/\/lexcab.fr\/index.php\/wp-json\/wp\/v2\/comments?post=766"}],"version-history":[{"count":13,"href":"https:\/\/lexcab.fr\/index.php\/wp-json\/wp\/v2\/pages\/766\/revisions"}],"predecessor-version":[{"id":789,"href":"https:\/\/lexcab.fr\/index.php\/wp-json\/wp\/v2\/pages\/766\/revisions\/789"}],"wp:attachment":[{"href":"https:\/\/lexcab.fr\/index.php\/wp-json\/wp\/v2\/media?parent=766"}],"curies":[{"name":"wp","href":"https:\/\/api.w.org\/{rel}","templated":true}]}}