{"id":28,"date":"2024-11-05T11:41:01","date_gmt":"2024-11-05T10:41:01","guid":{"rendered":"https:\/\/lexcab.fr\/?page_id=28"},"modified":"2025-03-06T11:37:17","modified_gmt":"2025-03-06T10:37:17","slug":"blog-avocat-droit-immobilier-droit-numerique-et-digital","status":"publish","type":"page","link":"https:\/\/lexcab.fr\/index.php\/blog-avocat-droit-immobilier-droit-numerique-et-digital\/","title":{"rendered":"Actualit\u00e9s"},"content":{"rendered":"\t\t<div data-elementor-type=\"wp-page\" data-elementor-id=\"28\" class=\"elementor elementor-28\" data-elementor-post-type=\"page\">\n\t\t\t\t<div class=\"elementor-element elementor-element-81f5c0a e-flex e-con-boxed e-con e-parent\" data-id=\"81f5c0a\" data-element_type=\"container\" data-e-type=\"container\" data-settings=\"{&quot;background_background&quot;:&quot;slideshow&quot;,&quot;background_slideshow_gallery&quot;:[{&quot;id&quot;:415,&quot;url&quot;:&quot;http:\\\/\\\/lexcab.fr\\\/wp-content\\\/uploads\\\/2024\\\/11\\\/startup-594090_640.jpg&quot;}],&quot;background_slideshow_loop&quot;:&quot;yes&quot;,&quot;background_slideshow_slide_duration&quot;:5000,&quot;background_slideshow_slide_transition&quot;:&quot;fade&quot;,&quot;background_slideshow_transition_duration&quot;:500}\">\n\t\t\t\t\t<div class=\"e-con-inner\">\n\t\t\t\t<div class=\"elementor-element elementor-element-62f12294 elementor-widget__width-initial elementor-widget elementor-widget-heading\" data-id=\"62f12294\" data-element_type=\"widget\" data-e-type=\"widget\" data-widget_type=\"heading.default\">\n\t\t\t\t<div class=\"elementor-widget-container\">\n\t\t\t\t\t<h1 class=\"elementor-heading-title elementor-size-default\">L'actualit\u00e9 du cabinet<\/h1>\t\t\t\t<\/div>\n\t\t\t\t<\/div>\n\t\t\t\t\t<\/div>\n\t\t\t\t<\/div>\n\t\t<div class=\"elementor-element elementor-element-593ac16 e-flex e-con-boxed e-con e-parent\" data-id=\"593ac16\" data-element_type=\"container\" data-e-type=\"container\">\n\t\t\t\t\t<div class=\"e-con-inner\">\n\t\t\t\t<div class=\"elementor-element elementor-element-a129188 elementor-posts--align-center elementor-grid-3 elementor-grid-tablet-2 elementor-grid-mobile-1 elementor-posts--thumbnail-top elementor-widget elementor-widget-posts\" data-id=\"a129188\" data-element_type=\"widget\" data-e-type=\"widget\" data-settings=\"{&quot;classic_masonry&quot;:&quot;yes&quot;,&quot;classic_row_gap&quot;:{&quot;unit&quot;:&quot;px&quot;,&quot;size&quot;:38,&quot;sizes&quot;:[]},&quot;classic_columns&quot;:&quot;3&quot;,&quot;classic_columns_tablet&quot;:&quot;2&quot;,&quot;classic_columns_mobile&quot;:&quot;1&quot;,&quot;classic_row_gap_tablet&quot;:{&quot;unit&quot;:&quot;px&quot;,&quot;size&quot;:&quot;&quot;,&quot;sizes&quot;:[]},&quot;classic_row_gap_mobile&quot;:{&quot;unit&quot;:&quot;px&quot;,&quot;size&quot;:&quot;&quot;,&quot;sizes&quot;:[]}}\" data-widget_type=\"posts.classic\">\n\t\t\t\t<div class=\"elementor-widget-container\">\n\t\t\t\t\t\t\t<div class=\"elementor-posts-container elementor-posts elementor-posts--skin-classic elementor-grid\" role=\"list\">\n\t\t\t\t<article class=\"elementor-post elementor-grid-item post-409 post type-post status-publish format-standard has-post-thumbnail hentry category-actualite-du-cabinet\" role=\"listitem\">\n\t\t\t\t<a class=\"elementor-post__thumbnail__link\" href=\"https:\/\/lexcab.fr\/index.php\/2024\/11\/21\/lexcab-recrute\/\" tabindex=\"-1\" target=&quot;_blank&quot;>\n\t\t\t<div class=\"elementor-post__thumbnail\"><img fetchpriority=\"high\" decoding=\"async\" width=\"768\" height=\"768\" src=\"https:\/\/lexcab.fr\/wp-content\/uploads\/2024\/11\/Project-Manager1-768x768.jpg\" class=\"attachment-medium_large size-medium_large wp-image-477\" alt=\"Vignette visuelle\u00a0: indiquant que le cabinet recrute\" srcset=\"https:\/\/lexcab.fr\/wp-content\/uploads\/2024\/11\/Project-Manager1-768x768.jpg 768w, https:\/\/lexcab.fr\/wp-content\/uploads\/2024\/11\/Project-Manager1-300x300.jpg 300w, https:\/\/lexcab.fr\/wp-content\/uploads\/2024\/11\/Project-Manager1-1024x1024.jpg 1024w, https:\/\/lexcab.fr\/wp-content\/uploads\/2024\/11\/Project-Manager1-150x150.jpg 150w, https:\/\/lexcab.fr\/wp-content\/uploads\/2024\/11\/Project-Manager1.jpg 1200w\" sizes=\"(max-width: 768px) 100vw, 768px\" \/><\/div>\n\t\t<\/a>\n\t\t\t\t<div class=\"elementor-post__text\">\n\t\t\t\t<h2 class=\"elementor-post__title\">\n\t\t\t<a href=\"https:\/\/lexcab.fr\/index.php\/2024\/11\/21\/lexcab-recrute\/\" target=&quot;_blank&quot;>\n\t\t\t\tLexcab recrute !\t\t\t<\/a>\n\t\t<\/h2>\n\t\t\t\t<div class=\"elementor-post__meta-data\">\n\t\t\t\t\t<span class=\"elementor-post-date\">\n\t\t\t21 November 2024\t\t<\/span>\n\t\t\t\t<\/div>\n\t\t\t\t<div class=\"elementor-post__excerpt\">\n\t\t\t<p>Lexcab, c&#8217;est le cabinet d&#8217;avocat de la croissance qui vise \u00e0 d\u00e9fendre la libert\u00e9 d\u2019entreprendre et de cr\u00e9ation. Aujourd&#8217;hui Lexcab recrute de nouveaux talents ! L&#8217;\u00e9quipe s&#8217;agrandit ! Lexcab est<\/p>\n\t\t<\/div>\n\t\t\n\t\t<a class=\"elementor-post__read-more\" href=\"https:\/\/lexcab.fr\/index.php\/2024\/11\/21\/lexcab-recrute\/\" aria-label=\"Read more about Lexcab recrute !\" tabindex=\"-1\" target=\"_blank\">\n\t\t\tRead More \u00bb\t\t<\/a>\n\n\t\t\t\t<\/div>\n\t\t\t\t<\/article>\n\t\t\t\t<\/div>\n\t\t\n\t\t\t\t\t\t<\/div>\n\t\t\t\t<\/div>\n\t\t\t\t\t<\/div>\n\t\t\t\t<\/div>\n\t\t\t\t<\/div>\n\t\t","protected":false},"excerpt":{"rendered":"<p>L&#8217;actualit\u00e9 du cabinet<\/p>\n","protected":false},"author":1,"featured_media":0,"parent":0,"menu_order":0,"comment_status":"closed","ping_status":"closed","template":"","meta":{"_acf_changed":false,"footnotes":""},"class_list":["post-28","page","type-page","status-publish","hentry"],"acf":[],"yoast_head":"<!-- This site is optimized with the Yoast SEO plugin v24.4 - https:\/\/yoast.com\/wordpress\/plugins\/seo\/ -->\n<title>Lexacab avocat expert en droit immobilier du num\u00e9rique et digital<\/title>\n<meta name=\"description\" content=\"Lexcab, c&#039;est le cabinet d&#039;avocat en droit immobilier, du num\u00e9rique et digital. Nous s\u00e9curisons votre croissance. Nos actualit\u00e9s.\" \/>\n<meta name=\"robots\" content=\"index, follow, max-snippet:-1, max-image-preview:large, max-video-preview:-1\" \/>\n<link rel=\"canonical\" href=\"https:\/\/lexcab.fr\/index.php\/blog-avocat-droit-immobilier-droit-numerique-et-digital\/\" \/>\n<meta property=\"og:locale\" content=\"en_US\" \/>\n<meta property=\"og:type\" content=\"article\" \/>\n<meta property=\"og:title\" content=\"Lexacab avocat expert en droit immobilier du num\u00e9rique et digital\" \/>\n<meta property=\"og:description\" content=\"Lexcab, c&#039;est le cabinet d&#039;avocat en droit immobilier, du num\u00e9rique et digital. Nous s\u00e9curisons votre croissance. Nos actualit\u00e9s.\" \/>\n<meta property=\"og:url\" content=\"https:\/\/lexcab.fr\/index.php\/blog-avocat-droit-immobilier-droit-numerique-et-digital\/\" \/>\n<meta property=\"og:site_name\" content=\"lexcab\" \/>\n<meta property=\"article:modified_time\" content=\"2025-03-06T10:37:17+00:00\" \/>\n<meta name=\"twitter:card\" content=\"summary_large_image\" \/>\n<meta name=\"twitter:label1\" content=\"Est. reading time\" \/>\n\t<meta name=\"twitter:data1\" content=\"1 minute\" \/>\n<script type=\"application\/ld+json\" class=\"yoast-schema-graph\">{\"@context\":\"https:\/\/schema.org\",\"@graph\":[{\"@type\":[\"Article\",\"BlogPosting\"],\"@id\":\"https:\/\/lexcab.fr\/index.php\/blog-avocat-droit-immobilier-droit-numerique-et-digital\/#article\",\"isPartOf\":{\"@id\":\"https:\/\/lexcab.fr\/index.php\/blog-avocat-droit-immobilier-droit-numerique-et-digital\/\"},\"author\":{\"name\":\"admin7933\",\"@id\":\"https:\/\/lexcab.fr\/#\/schema\/person\/9a8a307596882214cf7eb6c6e09c3fd1\"},\"headline\":\"Actualit\u00e9s\",\"datePublished\":\"2024-11-05T10:41:01+00:00\",\"dateModified\":\"2025-03-06T10:37:17+00:00\",\"mainEntityOfPage\":{\"@id\":\"https:\/\/lexcab.fr\/index.php\/blog-avocat-droit-immobilier-droit-numerique-et-digital\/\"},\"wordCount\":5,\"publisher\":{\"@id\":\"https:\/\/lexcab.fr\/#organization\"},\"inLanguage\":\"en-US\"},{\"@type\":\"WebPage\",\"@id\":\"https:\/\/lexcab.fr\/index.php\/blog-avocat-droit-immobilier-droit-numerique-et-digital\/\",\"url\":\"https:\/\/lexcab.fr\/index.php\/blog-avocat-droit-immobilier-droit-numerique-et-digital\/\",\"name\":\"Lexacab avocat expert en droit immobilier du num\u00e9rique et digital\",\"isPartOf\":{\"@id\":\"https:\/\/lexcab.fr\/#website\"},\"datePublished\":\"2024-11-05T10:41:01+00:00\",\"dateModified\":\"2025-03-06T10:37:17+00:00\",\"description\":\"Lexcab, c'est le cabinet d'avocat en droit immobilier, du num\u00e9rique et digital. Nous s\u00e9curisons votre croissance. Nos actualit\u00e9s.\",\"breadcrumb\":{\"@id\":\"https:\/\/lexcab.fr\/index.php\/blog-avocat-droit-immobilier-droit-numerique-et-digital\/#breadcrumb\"},\"inLanguage\":\"en-US\",\"potentialAction\":[{\"@type\":\"ReadAction\",\"target\":[\"https:\/\/lexcab.fr\/index.php\/blog-avocat-droit-immobilier-droit-numerique-et-digital\/\"]}]},{\"@type\":\"BreadcrumbList\",\"@id\":\"https:\/\/lexcab.fr\/index.php\/blog-avocat-droit-immobilier-droit-numerique-et-digital\/#breadcrumb\",\"itemListElement\":[{\"@type\":\"ListItem\",\"position\":1,\"name\":\"Home\",\"item\":\"https:\/\/lexcab.fr\/\"},{\"@type\":\"ListItem\",\"position\":2,\"name\":\"Actualit\u00e9s\"}]},{\"@type\":\"WebSite\",\"@id\":\"https:\/\/lexcab.fr\/#website\",\"url\":\"https:\/\/lexcab.fr\/\",\"name\":\"Lexcab avocat immobilier digital\",\"description\":\"\",\"publisher\":{\"@id\":\"https:\/\/lexcab.fr\/#organization\"},\"potentialAction\":[{\"@type\":\"SearchAction\",\"target\":{\"@type\":\"EntryPoint\",\"urlTemplate\":\"https:\/\/lexcab.fr\/?s={search_term_string}\"},\"query-input\":{\"@type\":\"PropertyValueSpecification\",\"valueRequired\":true,\"valueName\":\"search_term_string\"}}],\"inLanguage\":\"en-US\"},{\"@type\":\"Organization\",\"@id\":\"https:\/\/lexcab.fr\/#organization\",\"name\":\"Lexcab\",\"alternateName\":\"Cabinet d'avocat Immobilier num\u00e9rique digital\",\"url\":\"https:\/\/lexcab.fr\/\",\"logo\":{\"@type\":\"ImageObject\",\"inLanguage\":\"en-US\",\"@id\":\"https:\/\/lexcab.fr\/#\/schema\/logo\/image\/\",\"url\":\"https:\/\/lexcab.fr\/wp-content\/uploads\/2024\/11\/cropped-booster-la-com-des-profession-juridiques-et-locales3-1.png\",\"contentUrl\":\"https:\/\/lexcab.fr\/wp-content\/uploads\/2024\/11\/cropped-booster-la-com-des-profession-juridiques-et-locales3-1.png\",\"width\":1024,\"height\":364,\"caption\":\"Lexcab\"},\"image\":{\"@id\":\"https:\/\/lexcab.fr\/#\/schema\/logo\/image\/\"}},{\"@type\":\"Person\",\"@id\":\"https:\/\/lexcab.fr\/#\/schema\/person\/9a8a307596882214cf7eb6c6e09c3fd1\",\"name\":\"admin7933\",\"image\":{\"@type\":\"ImageObject\",\"inLanguage\":\"en-US\",\"@id\":\"https:\/\/lexcab.fr\/#\/schema\/person\/image\/\",\"url\":\"https:\/\/secure.gravatar.com\/avatar\/7544270a409a59b14626529eb07b3b9fd9d94f7ffeceb5fe7b2710ba76b79bd3?s=96&d=mm&r=g\",\"contentUrl\":\"https:\/\/secure.gravatar.com\/avatar\/7544270a409a59b14626529eb07b3b9fd9d94f7ffeceb5fe7b2710ba76b79bd3?s=96&d=mm&r=g\",\"caption\":\"admin7933\"},\"sameAs\":[\"http:\/\/lexcab.fr\"],\"url\":\"https:\/\/lexcab.fr\/index.php\/author\/admin7933\/\"}]}<\/script>\n<!-- \/ Yoast SEO plugin. -->","yoast_head_json":{"title":"Lexacab avocat expert en droit immobilier du num\u00e9rique et digital","description":"Lexcab, c'est le cabinet d'avocat en droit immobilier, du num\u00e9rique et digital. Nous s\u00e9curisons votre croissance. Nos actualit\u00e9s.","robots":{"index":"index","follow":"follow","max-snippet":"max-snippet:-1","max-image-preview":"max-image-preview:large","max-video-preview":"max-video-preview:-1"},"canonical":"https:\/\/lexcab.fr\/index.php\/blog-avocat-droit-immobilier-droit-numerique-et-digital\/","og_locale":"en_US","og_type":"article","og_title":"Lexacab avocat expert en droit immobilier du num\u00e9rique et digital","og_description":"Lexcab, c'est le cabinet d'avocat en droit immobilier, du num\u00e9rique et digital. Nous s\u00e9curisons votre croissance. Nos actualit\u00e9s.","og_url":"https:\/\/lexcab.fr\/index.php\/blog-avocat-droit-immobilier-droit-numerique-et-digital\/","og_site_name":"lexcab","article_modified_time":"2025-03-06T10:37:17+00:00","twitter_card":"summary_large_image","twitter_misc":{"Est. reading time":"1 minute"},"schema":{"@context":"https:\/\/schema.org","@graph":[{"@type":["Article","BlogPosting"],"@id":"https:\/\/lexcab.fr\/index.php\/blog-avocat-droit-immobilier-droit-numerique-et-digital\/#article","isPartOf":{"@id":"https:\/\/lexcab.fr\/index.php\/blog-avocat-droit-immobilier-droit-numerique-et-digital\/"},"author":{"name":"admin7933","@id":"https:\/\/lexcab.fr\/#\/schema\/person\/9a8a307596882214cf7eb6c6e09c3fd1"},"headline":"Actualit\u00e9s","datePublished":"2024-11-05T10:41:01+00:00","dateModified":"2025-03-06T10:37:17+00:00","mainEntityOfPage":{"@id":"https:\/\/lexcab.fr\/index.php\/blog-avocat-droit-immobilier-droit-numerique-et-digital\/"},"wordCount":5,"publisher":{"@id":"https:\/\/lexcab.fr\/#organization"},"inLanguage":"en-US"},{"@type":"WebPage","@id":"https:\/\/lexcab.fr\/index.php\/blog-avocat-droit-immobilier-droit-numerique-et-digital\/","url":"https:\/\/lexcab.fr\/index.php\/blog-avocat-droit-immobilier-droit-numerique-et-digital\/","name":"Lexacab avocat expert en droit immobilier du num\u00e9rique et digital","isPartOf":{"@id":"https:\/\/lexcab.fr\/#website"},"datePublished":"2024-11-05T10:41:01+00:00","dateModified":"2025-03-06T10:37:17+00:00","description":"Lexcab, c'est le cabinet d'avocat en droit immobilier, du num\u00e9rique et digital. Nous s\u00e9curisons votre croissance. Nos actualit\u00e9s.","breadcrumb":{"@id":"https:\/\/lexcab.fr\/index.php\/blog-avocat-droit-immobilier-droit-numerique-et-digital\/#breadcrumb"},"inLanguage":"en-US","potentialAction":[{"@type":"ReadAction","target":["https:\/\/lexcab.fr\/index.php\/blog-avocat-droit-immobilier-droit-numerique-et-digital\/"]}]},{"@type":"BreadcrumbList","@id":"https:\/\/lexcab.fr\/index.php\/blog-avocat-droit-immobilier-droit-numerique-et-digital\/#breadcrumb","itemListElement":[{"@type":"ListItem","position":1,"name":"Home","item":"https:\/\/lexcab.fr\/"},{"@type":"ListItem","position":2,"name":"Actualit\u00e9s"}]},{"@type":"WebSite","@id":"https:\/\/lexcab.fr\/#website","url":"https:\/\/lexcab.fr\/","name":"Lexcab avocat immobilier digital","description":"","publisher":{"@id":"https:\/\/lexcab.fr\/#organization"},"potentialAction":[{"@type":"SearchAction","target":{"@type":"EntryPoint","urlTemplate":"https:\/\/lexcab.fr\/?s={search_term_string}"},"query-input":{"@type":"PropertyValueSpecification","valueRequired":true,"valueName":"search_term_string"}}],"inLanguage":"en-US"},{"@type":"Organization","@id":"https:\/\/lexcab.fr\/#organization","name":"Lexcab","alternateName":"Cabinet d'avocat Immobilier num\u00e9rique digital","url":"https:\/\/lexcab.fr\/","logo":{"@type":"ImageObject","inLanguage":"en-US","@id":"https:\/\/lexcab.fr\/#\/schema\/logo\/image\/","url":"https:\/\/lexcab.fr\/wp-content\/uploads\/2024\/11\/cropped-booster-la-com-des-profession-juridiques-et-locales3-1.png","contentUrl":"https:\/\/lexcab.fr\/wp-content\/uploads\/2024\/11\/cropped-booster-la-com-des-profession-juridiques-et-locales3-1.png","width":1024,"height":364,"caption":"Lexcab"},"image":{"@id":"https:\/\/lexcab.fr\/#\/schema\/logo\/image\/"}},{"@type":"Person","@id":"https:\/\/lexcab.fr\/#\/schema\/person\/9a8a307596882214cf7eb6c6e09c3fd1","name":"admin7933","image":{"@type":"ImageObject","inLanguage":"en-US","@id":"https:\/\/lexcab.fr\/#\/schema\/person\/image\/","url":"https:\/\/secure.gravatar.com\/avatar\/7544270a409a59b14626529eb07b3b9fd9d94f7ffeceb5fe7b2710ba76b79bd3?s=96&d=mm&r=g","contentUrl":"https:\/\/secure.gravatar.com\/avatar\/7544270a409a59b14626529eb07b3b9fd9d94f7ffeceb5fe7b2710ba76b79bd3?s=96&d=mm&r=g","caption":"admin7933"},"sameAs":["http:\/\/lexcab.fr"],"url":"https:\/\/lexcab.fr\/index.php\/author\/admin7933\/"}]}},"_links":{"self":[{"href":"https:\/\/lexcab.fr\/index.php\/wp-json\/wp\/v2\/pages\/28","targetHints":{"allow":["GET"]}}],"collection":[{"href":"https:\/\/lexcab.fr\/index.php\/wp-json\/wp\/v2\/pages"}],"about":[{"href":"https:\/\/lexcab.fr\/index.php\/wp-json\/wp\/v2\/types\/page"}],"author":[{"embeddable":true,"href":"https:\/\/lexcab.fr\/index.php\/wp-json\/wp\/v2\/users\/1"}],"replies":[{"embeddable":true,"href":"https:\/\/lexcab.fr\/index.php\/wp-json\/wp\/v2\/comments?post=28"}],"version-history":[{"count":20,"href":"https:\/\/lexcab.fr\/index.php\/wp-json\/wp\/v2\/pages\/28\/revisions"}],"predecessor-version":[{"id":552,"href":"https:\/\/lexcab.fr\/index.php\/wp-json\/wp\/v2\/pages\/28\/revisions\/552"}],"wp:attachment":[{"href":"https:\/\/lexcab.fr\/index.php\/wp-json\/wp\/v2\/media?parent=28"}],"curies":[{"name":"wp","href":"https:\/\/api.w.org\/{rel}","templated":true}]}}